{"id":128,"date":"2022-04-12T00:01:49","date_gmt":"2022-04-12T03:01:49","guid":{"rendered":"https:\/\/cejagilmarmaiadesousa.com.br\/?page_id=128"},"modified":"2022-05-27T14:20:34","modified_gmt":"2022-05-27T17:20:34","slug":"historico","status":"publish","type":"page","link":"http:\/\/cejagilmarmaiadesousa.com.br\/?page_id=128","title":{"rendered":"Hist\u00f3rico"},"content":{"rendered":"\n<p class=\"has-text-align-center\">O CEJA Professor Gilmar Maia de Sousa foi constru\u00eddo, no final dos anos 80, em parte do terreno que, no s\u00e9culo XIX, era ocupado por uma grandiosa constru\u00e7\u00e3o, chamada de Itapuca Villa, que pertenceu a Alfredo Salgado, um aristrocrata que estudou na Europa e que falava fluentemente o franc\u00eas, o italiano e o alem\u00e3o. A mans\u00e3o ocupava quase toda a quadra compreendida entre as Ruas Municipal Princesa Isabel e Teresa Cristina.<\/p>\n\n\n\n<p class=\"has-text-align-center\">Como parte da hist\u00f3ria do CEJA Professor Gilmar Maia de Sousa est\u00e3o as mudan\u00e7as de projetos na educa\u00e7\u00e3o, em especial na educa\u00e7\u00e3o de jovens e adultos e, com eles, a mudan\u00e7a de nomes. Denominado como Centro de Estudos Supletivos, foi criado pelo Decreto n.\u00ba 10.745, de 02 de Abril de 1974, DO de 03 de abril de 1974, vinculado ao Departamento de Ensino Supletivo (DESU), da Secretaria de Educa\u00e7\u00e3o do Estado do Cear\u00e1 &#8211; SEDUC.<\/p>\n\n\n\n<p class=\"has-text-align-center\">Na \u00e9poca, foi um projeto de Educa\u00e7\u00e3o Supletiva para adultos, dirigido t\u00e9cnico e pedagogicamente pelo MEC cuja implanta\u00e7\u00e3o teve como incentivador o ent\u00e3o Secret\u00e1rio de Educa\u00e7\u00e3o Cel. Murilo Serpa. Funcionou inicialmente na Rua Jos\u00e9 Vilar sob a coordena\u00e7\u00e3o da Prof\u00aa Zulena Freitas, assessorada por Mirtes Alves Garcia e C\u00e9lia Garcia e pela Chefe do Departamento de Ensino Supletivo, Prof\u00aa Susana Bonfim. Foi o per\u00edodo em que a escola era chamada de \u201cescola das mangueiras\u201d, j\u00e1 que os professores recebiam treinamento pr\u00e1tico-te\u00f3rico \u00e0 sombra do mangueiral, pois o pr\u00e9dio n\u00e3o oferecia condi\u00e7\u00f5es f\u00edsicas para tanto. No ano seguinte, transferiu-se para a Avenida do Imperador, no centro da cidade de Fortaleza, funcionando durante um ano neste endere\u00e7o. Em 1976, o CES (Centro de Estudos Supletivo) mudou-se para Av. Bar\u00e3o de Studart, em frente ao antigo Pal\u00e1cio do Governo.<\/p>\n\n\n\n<p class=\"has-text-align-center\">O CES foi implantado com a Lei de Diretrizes e Bases da Educa\u00e7\u00e3o, LDB 5692\/71. Nesta Lei, um cap\u00edtulo foi dedicado especificamente para a EJA. Em 1974, o MEC prop\u00f4s a implanta\u00e7\u00e3o dos CES (Centros de Estudos Supletivos) em Fortaleza, que tinham influ\u00eancias tecnicistas devido \u00e0 situa\u00e7\u00e3o pol\u00edtica do pa\u00eds naquele momento. O CES, em Fortaleza, al\u00e9m de seu objetivo inicial que era qualificar m\u00e3o-de-obra para a ind\u00fastria, tinha tamb\u00e9m o objetivo de suprimir poss\u00edveis defici\u00eancias em pontos cr\u00edticos e identificados no aprendizado de alunos matriculados nas escolas de ensino regular da rede p\u00fablica. Em 1978, atrav\u00e9s do Decreto n\u00ba 12.878, de 31 de Janeiro de 1978, DO de 15\/02\/1978, foi denominado Centro de Estudos Supletivos Professor Gilmar Maia de Sousa, em homenagem ao instrutor e representante do MEC no Cear\u00e1, Gilmar Maia de Sousa. Mais tarde, com o advento da Lei n\u00ba 9394\/96-LDB, o \u201censino supletivo\u201d passou a denominar-se \u201cEduca\u00e7\u00e3o de Jovens e Adultos\u201d e a escola passou a chamar-se Centro de Educa\u00e7\u00e3o de Jovens e Adultos (CEJA) Professor Gilmar Maia de Sousa.<\/p>\n","protected":false},"excerpt":{"rendered":"<p>O CEJA Professor Gilmar Maia de Sousa foi constru\u00eddo, no final dos anos 80, em parte do terreno que, no &hellip; <\/p>\n","protected":false},"author":1,"featured_media":0,"parent":0,"menu_order":0,"comment_status":"closed","ping_status":"closed","template":"","meta":{"footnotes":""},"class_list":["post-128","page","type-page","status-publish","hentry"],"_links":{"self":[{"href":"http:\/\/cejagilmarmaiadesousa.com.br\/index.php?rest_route=\/wp\/v2\/pages\/128","targetHints":{"allow":["GET"]}}],"collection":[{"href":"http:\/\/cejagilmarmaiadesousa.com.br\/index.php?rest_route=\/wp\/v2\/pages"}],"about":[{"href":"http:\/\/cejagilmarmaiadesousa.com.br\/index.php?rest_route=\/wp\/v2\/types\/page"}],"author":[{"embeddable":true,"href":"http:\/\/cejagilmarmaiadesousa.com.br\/index.php?rest_route=\/wp\/v2\/users\/1"}],"replies":[{"embeddable":true,"href":"http:\/\/cejagilmarmaiadesousa.com.br\/index.php?rest_route=%2Fwp%2Fv2%2Fcomments&post=128"}],"version-history":[{"count":4,"href":"http:\/\/cejagilmarmaiadesousa.com.br\/index.php?rest_route=\/wp\/v2\/pages\/128\/revisions"}],"predecessor-version":[{"id":196,"href":"http:\/\/cejagilmarmaiadesousa.com.br\/index.php?rest_route=\/wp\/v2\/pages\/128\/revisions\/196"}],"wp:attachment":[{"href":"http:\/\/cejagilmarmaiadesousa.com.br\/index.php?rest_route=%2Fwp%2Fv2%2Fmedia&parent=128"}],"curies":[{"name":"wp","href":"https:\/\/api.w.org\/{rel}","templated":true}]}}