{"id":6,"date":"2022-04-04T07:51:08","date_gmt":"2022-04-04T10:51:08","guid":{"rendered":"http:\/\/cejagilmarmaiadesousa.com.br\/?page_id=6"},"modified":"2022-04-12T00:53:29","modified_gmt":"2022-04-12T03:53:29","slug":"sobre","status":"publish","type":"page","link":"http:\/\/cejagilmarmaiadesousa.com.br\/?page_id=6","title":{"rendered":"Quem somos"},"content":{"rendered":"\n<p class=\"has-text-align-center\">O Centro de Educa\u00e7\u00e3o de Jovens e Adultos Professor Gilmar Maia de Sousa \u00e9 uma escola que faz parte da rede de ensino da Secretaria de Educa\u00e7\u00e3o do Estado do Cear\u00e1&nbsp; e surge como espa\u00e7o para atender ao p\u00fablico adulto que n\u00e3o teve acesso aos estudos ou n\u00e3o lograram a conclus\u00e3o destes no tempo e idade certos.&nbsp;<\/p>\n\n\n\n<p class=\"has-text-align-center\">Este CEJA se coloca como sendo um lugar onde se desenvolve o saber sistematizado, trazendo, em seu conte\u00fado, atividades que apontam para novas dimens\u00f5es e desafios de novas perspectivas para constru\u00e7\u00e3o qualitativa do processo de ensino e aprendizagem, integrando os jovens e adultos e fazendo-os acreditar na educa\u00e7\u00e3o como um verdadeiro caminho para a sua forma\u00e7\u00e3o como cidad\u00e3os, capazes de prosseguir seu caminho e de realizar-se profissionalmente na sociedade em que est\u00e3o inseridos.<\/p>\n\n\n<p dir=\"ltr\" style=\"text-align: center;\">NOSSOS OBJETIVOS<\/p>\n<p dir=\"ltr\" style=\"text-align: center;\">&nbsp;Promover o atendimento de jovens e adultos que n\u00e3o tiveram a oportunidade de concluir a educa\u00e7\u00e3o b\u00e1sica na idade pr\u00f3pria, contribuindo para o dom\u00ednio de instrumentos da cultura letrada, que lhes permitam melhor compreender e atuar no mundo em que vivem.<\/p>\n<p dir=\"ltr\" style=\"text-align: center;\">Ser uma escola p\u00fablica de refer\u00eancia no bairro, onde a comunidade estabelece v\u00ednculos com a institui\u00e7\u00e3o, se apropria da proposta pedag\u00f3gica e das pr\u00e1ticas curriculares que se apresentam com uma continuidade para o fortalecimento do reconhecimento m\u00fatuo e integra\u00e7\u00e3o.<\/p>\n<p dir=\"ltr\" style=\"text-align: center;\">NOSSA MISS\u00c3O<\/p>\n<p dir=\"ltr\" style=\"text-align: center;\">Desenvolver um trabalho pedag\u00f3gico de qualidade, que propicie ao jovens e adultos, que n\u00e3o tiveram acesso aos estudos na idade certa, o exerc\u00edcio pleno e consciente da cidadania e sua inser\u00e7\u00e3o no mundo do trabalho.<\/p>\n<p dir=\"ltr\" style=\"text-align: center;\">NOSSA VIS\u00c3O DE FUTURO<\/p>\n<p dir=\"ltr\" style=\"text-align: center;\">Ser uma escola de refer\u00eancia, que oportunize a todo e qualquer cidad\u00e3o que n\u00e3o teve acesso \u00e0 escola na idade pr\u00f3pria, a aquisi\u00e7\u00e3o de conhecimentos cient\u00edficos produzidos pela humanidade e necess\u00e1rios ao exerc\u00edcio da sua cidadania, de forma cr\u00edtica e aut\u00f4noma.<\/p>\n<p dir=\"ltr\" style=\"text-align: center;\">NOSSOS PRINC\u00cdPIOS E VALORES<\/p>\n<p dir=\"ltr\" style=\"text-align: center;\">\u00c9tica, Compromisso, Toler\u00e2ncia, Respeito, Responsabilidade, Justi\u00e7a e solidariedade.<\/p>\n<p dir=\"ltr\">\n<\/p><p dir=\"ltr\"><\/p>","protected":false},"excerpt":{"rendered":"<p>O Centro de Educa\u00e7\u00e3o de Jovens e Adultos Professor Gilmar Maia de Sousa \u00e9 uma escola que faz parte da &hellip; <\/p>\n","protected":false},"author":1,"featured_media":0,"parent":0,"menu_order":0,"comment_status":"closed","ping_status":"closed","template":"","meta":{"footnotes":""},"class_list":["post-6","page","type-page","status-publish","hentry"],"_links":{"self":[{"href":"http:\/\/cejagilmarmaiadesousa.com.br\/index.php?rest_route=\/wp\/v2\/pages\/6","targetHints":{"allow":["GET"]}}],"collection":[{"href":"http:\/\/cejagilmarmaiadesousa.com.br\/index.php?rest_route=\/wp\/v2\/pages"}],"about":[{"href":"http:\/\/cejagilmarmaiadesousa.com.br\/index.php?rest_route=\/wp\/v2\/types\/page"}],"author":[{"embeddable":true,"href":"http:\/\/cejagilmarmaiadesousa.com.br\/index.php?rest_route=\/wp\/v2\/users\/1"}],"replies":[{"embeddable":true,"href":"http:\/\/cejagilmarmaiadesousa.com.br\/index.php?rest_route=%2Fwp%2Fv2%2Fcomments&post=6"}],"version-history":[{"count":6,"href":"http:\/\/cejagilmarmaiadesousa.com.br\/index.php?rest_route=\/wp\/v2\/pages\/6\/revisions"}],"predecessor-version":[{"id":123,"href":"http:\/\/cejagilmarmaiadesousa.com.br\/index.php?rest_route=\/wp\/v2\/pages\/6\/revisions\/123"}],"wp:attachment":[{"href":"http:\/\/cejagilmarmaiadesousa.com.br\/index.php?rest_route=%2Fwp%2Fv2%2Fmedia&parent=6"}],"curies":[{"name":"wp","href":"https:\/\/api.w.org\/{rel}","templated":true}]}}